{"id":4085,"date":"2020-04-03T17:04:03","date_gmt":"2020-04-03T15:04:03","guid":{"rendered":"https:\/\/www.potagez.be\/product\/quiche-broccoli-creme-van-parmezaan-500-gr\/"},"modified":"2023-06-19T19:03:54","modified_gmt":"2023-06-19T17:03:54","slug":"quiche-brocolis-creme-de-parmesan","status":"publish","type":"product","link":"https:\/\/www.potagez.be\/nl\/product\/quiche-brocolis-creme-de-parmesan\/","title":{"rendered":"Quiche met broccoli en parmezaanse room 500 Gr"},"content":{"rendered":"<p>Broccoli*, TARWEBLOEM, EIEREN, cr\u00e8me fra\u00eeche (MELK), MELK, boter (MELK), parmezaan (MELK), kookroom (MELK, gemodificeerd ma\u00efszetmeel), olijfolie*, zeezout, rietsuiker*.<\/p>\n","protected":false},"excerpt":{"rendered":"<p>Een krokant, puur boterdeeg, gebakken broccoli met olijfolie en een Parmezaanse cr\u00e8me. Heerlijk!<\/p>\n","protected":false},"featured_media":6725,"template":"","meta":[],"product_brand":[],"product_cat":[92],"product_tag":[],"class_list":{"0":"post-4085","1":"product","2":"type-product","3":"status-publish","4":"has-post-thumbnail","6":"product_cat-quiche-nl","8":"first","9":"instock","10":"featured","11":"sold-individually","12":"shipping-taxable","13":"product-type-simple"},"yoast_head":"<!-- This site is optimized with the Yoast SEO plugin v27.4 - https:\/\/yoast.com\/product\/yoast-seo-wordpress\/ -->\n<title>Quiche met broccoli en parmezaanse room 500 Gr - Potagez!<\/title>\n<meta name=\"description\" content=\"Broccoli is perfect gebruind in olijfolie en wordt graag gecombineerd met Parmezaanse kaas om een zoete en pittige sensatie te cre\u00ebren.\" \/>\n<meta name=\"robots\" content=\"index, follow, max-snippet:-1, max-image-preview:large, max-video-preview:-1\" \/>\n<link rel=\"canonical\" href=\"https:\/\/www.potagez.be\/nl\/product\/quiche-brocolis-creme-de-parmesan\/\" \/>\n<meta property=\"og:locale\" content=\"nl_NL\" \/>\n<meta property=\"og:type\" content=\"article\" \/>\n<meta property=\"og:title\" content=\"Quiche met broccoli en parmezaanse room 500 Gr - Potagez!\" \/>\n<meta property=\"og:description\" content=\"Broccoli is perfect gebruind in olijfolie en wordt graag gecombineerd met Parmezaanse kaas om een zoete en pittige sensatie te cre\u00ebren.\" \/>\n<meta property=\"og:url\" content=\"https:\/\/www.potagez.be\/nl\/product\/quiche-brocolis-creme-de-parmesan\/\" \/>\n<meta property=\"og:site_name\" content=\"Potagez!\" \/>\n<meta property=\"article:publisher\" content=\"https:\/\/www.facebook.com\/potagez\/\" \/>\n<meta property=\"article:modified_time\" content=\"2023-06-19T17:03:54+00:00\" \/>\n<meta property=\"og:image\" content=\"https:\/\/www.potagez.be\/wp-content\/uploads\/2021\/07\/Brocolis.jpg\" \/>\n\t<meta property=\"og:image:width\" content=\"2048\" \/>\n\t<meta property=\"og:image:height\" content=\"2048\" \/>\n\t<meta property=\"og:image:type\" content=\"image\/jpeg\" \/>\n<meta name=\"twitter:card\" content=\"summary_large_image\" \/>\n<script type=\"application\/ld+json\" class=\"yoast-schema-graph\">{\"@context\":\"https:\\\/\\\/schema.org\",\"@graph\":[{\"@type\":\"WebPage\",\"@id\":\"https:\\\/\\\/www.potagez.be\\\/nl\\\/product\\\/quiche-brocolis-creme-de-parmesan\\\/\",\"url\":\"https:\\\/\\\/www.potagez.be\\\/nl\\\/product\\\/quiche-brocolis-creme-de-parmesan\\\/\",\"name\":\"Quiche met broccoli en parmezaanse room 500 Gr - Potagez!\",\"isPartOf\":{\"@id\":\"https:\\\/\\\/www.potagez.be\\\/nl\\\/#website\"},\"primaryImageOfPage\":{\"@id\":\"https:\\\/\\\/www.potagez.be\\\/nl\\\/product\\\/quiche-brocolis-creme-de-parmesan\\\/#primaryimage\"},\"image\":{\"@id\":\"https:\\\/\\\/www.potagez.be\\\/nl\\\/product\\\/quiche-brocolis-creme-de-parmesan\\\/#primaryimage\"},\"thumbnailUrl\":\"https:\\\/\\\/www.potagez.be\\\/wp-content\\\/uploads\\\/2021\\\/07\\\/Brocolis.jpg\",\"datePublished\":\"2020-04-03T15:04:03+00:00\",\"dateModified\":\"2023-06-19T17:03:54+00:00\",\"description\":\"Broccoli is perfect gebruind in olijfolie en wordt graag gecombineerd met Parmezaanse kaas om een zoete en pittige sensatie te cre\u00ebren.\",\"breadcrumb\":{\"@id\":\"https:\\\/\\\/www.potagez.be\\\/nl\\\/product\\\/quiche-brocolis-creme-de-parmesan\\\/#breadcrumb\"},\"inLanguage\":\"nl-NL\",\"potentialAction\":[{\"@type\":\"ReadAction\",\"target\":[\"https:\\\/\\\/www.potagez.be\\\/nl\\\/product\\\/quiche-brocolis-creme-de-parmesan\\\/\"]}]},{\"@type\":\"ImageObject\",\"inLanguage\":\"nl-NL\",\"@id\":\"https:\\\/\\\/www.potagez.be\\\/nl\\\/product\\\/quiche-brocolis-creme-de-parmesan\\\/#primaryimage\",\"url\":\"https:\\\/\\\/www.potagez.be\\\/wp-content\\\/uploads\\\/2021\\\/07\\\/Brocolis.jpg\",\"contentUrl\":\"https:\\\/\\\/www.potagez.be\\\/wp-content\\\/uploads\\\/2021\\\/07\\\/Brocolis.jpg\",\"width\":2048,\"height\":2048},{\"@type\":\"BreadcrumbList\",\"@id\":\"https:\\\/\\\/www.potagez.be\\\/nl\\\/product\\\/quiche-brocolis-creme-de-parmesan\\\/#breadcrumb\",\"itemListElement\":[{\"@type\":\"ListItem\",\"position\":1,\"name\":\"Accueil\",\"item\":\"https:\\\/\\\/www.potagez.be\\\/nl\\\/\"},{\"@type\":\"ListItem\",\"position\":2,\"name\":\"Onze producten\",\"item\":\"https:\\\/\\\/www.potagez.be\\\/nl\\\/onze-producten\\\/\"},{\"@type\":\"ListItem\",\"position\":3,\"name\":\"Quiche met broccoli en parmezaanse room 500 Gr\"}]},{\"@type\":\"WebSite\",\"@id\":\"https:\\\/\\\/www.potagez.be\\\/nl\\\/#website\",\"url\":\"https:\\\/\\\/www.potagez.be\\\/nl\\\/\",\"name\":\"Potagez!\",\"description\":\"Soupes BIO extra-fra\u00eeches, sans lactose et sans gluten\",\"publisher\":{\"@id\":\"https:\\\/\\\/www.potagez.be\\\/nl\\\/#organization\"},\"potentialAction\":[{\"@type\":\"SearchAction\",\"target\":{\"@type\":\"EntryPoint\",\"urlTemplate\":\"https:\\\/\\\/www.potagez.be\\\/nl\\\/?s={search_term_string}\"},\"query-input\":{\"@type\":\"PropertyValueSpecification\",\"valueRequired\":true,\"valueName\":\"search_term_string\"}}],\"inLanguage\":\"nl-NL\"},{\"@type\":\"Organization\",\"@id\":\"https:\\\/\\\/www.potagez.be\\\/nl\\\/#organization\",\"name\":\"Potagez!\",\"url\":\"https:\\\/\\\/www.potagez.be\\\/nl\\\/\",\"logo\":{\"@type\":\"ImageObject\",\"inLanguage\":\"nl-NL\",\"@id\":\"https:\\\/\\\/www.potagez.be\\\/nl\\\/#\\\/schema\\\/logo\\\/image\\\/\",\"url\":\"https:\\\/\\\/www.potagez.be\\\/wp-content\\\/uploads\\\/2016\\\/06\\\/logo_LNDMJ.png\",\"contentUrl\":\"https:\\\/\\\/www.potagez.be\\\/wp-content\\\/uploads\\\/2016\\\/06\\\/logo_LNDMJ.png\",\"width\":275,\"height\":243,\"caption\":\"Potagez!\"},\"image\":{\"@id\":\"https:\\\/\\\/www.potagez.be\\\/nl\\\/#\\\/schema\\\/logo\\\/image\\\/\"},\"sameAs\":[\"https:\\\/\\\/www.facebook.com\\\/potagez\\\/\",\"https:\\\/\\\/www.instagram.com\\\/potagez.legumes.bio\"]}]}<\/script>\n<!-- \/ Yoast SEO plugin. -->","yoast_head_json":{"title":"Quiche met broccoli en parmezaanse room 500 Gr - Potagez!","description":"Broccoli is perfect gebruind in olijfolie en wordt graag gecombineerd met Parmezaanse kaas om een zoete en pittige sensatie te cre\u00ebren.","robots":{"index":"index","follow":"follow","max-snippet":"max-snippet:-1","max-image-preview":"max-image-preview:large","max-video-preview":"max-video-preview:-1"},"canonical":"https:\/\/www.potagez.be\/nl\/product\/quiche-brocolis-creme-de-parmesan\/","og_locale":"nl_NL","og_type":"article","og_title":"Quiche met broccoli en parmezaanse room 500 Gr - Potagez!","og_description":"Broccoli is perfect gebruind in olijfolie en wordt graag gecombineerd met Parmezaanse kaas om een zoete en pittige sensatie te cre\u00ebren.","og_url":"https:\/\/www.potagez.be\/nl\/product\/quiche-brocolis-creme-de-parmesan\/","og_site_name":"Potagez!","article_publisher":"https:\/\/www.facebook.com\/potagez\/","article_modified_time":"2023-06-19T17:03:54+00:00","og_image":[{"width":2048,"height":2048,"url":"https:\/\/www.potagez.be\/wp-content\/uploads\/2021\/07\/Brocolis.jpg","type":"image\/jpeg"}],"twitter_card":"summary_large_image","schema":{"@context":"https:\/\/schema.org","@graph":[{"@type":"WebPage","@id":"https:\/\/www.potagez.be\/nl\/product\/quiche-brocolis-creme-de-parmesan\/","url":"https:\/\/www.potagez.be\/nl\/product\/quiche-brocolis-creme-de-parmesan\/","name":"Quiche met broccoli en parmezaanse room 500 Gr - Potagez!","isPartOf":{"@id":"https:\/\/www.potagez.be\/nl\/#website"},"primaryImageOfPage":{"@id":"https:\/\/www.potagez.be\/nl\/product\/quiche-brocolis-creme-de-parmesan\/#primaryimage"},"image":{"@id":"https:\/\/www.potagez.be\/nl\/product\/quiche-brocolis-creme-de-parmesan\/#primaryimage"},"thumbnailUrl":"https:\/\/www.potagez.be\/wp-content\/uploads\/2021\/07\/Brocolis.jpg","datePublished":"2020-04-03T15:04:03+00:00","dateModified":"2023-06-19T17:03:54+00:00","description":"Broccoli is perfect gebruind in olijfolie en wordt graag gecombineerd met Parmezaanse kaas om een zoete en pittige sensatie te cre\u00ebren.","breadcrumb":{"@id":"https:\/\/www.potagez.be\/nl\/product\/quiche-brocolis-creme-de-parmesan\/#breadcrumb"},"inLanguage":"nl-NL","potentialAction":[{"@type":"ReadAction","target":["https:\/\/www.potagez.be\/nl\/product\/quiche-brocolis-creme-de-parmesan\/"]}]},{"@type":"ImageObject","inLanguage":"nl-NL","@id":"https:\/\/www.potagez.be\/nl\/product\/quiche-brocolis-creme-de-parmesan\/#primaryimage","url":"https:\/\/www.potagez.be\/wp-content\/uploads\/2021\/07\/Brocolis.jpg","contentUrl":"https:\/\/www.potagez.be\/wp-content\/uploads\/2021\/07\/Brocolis.jpg","width":2048,"height":2048},{"@type":"BreadcrumbList","@id":"https:\/\/www.potagez.be\/nl\/product\/quiche-brocolis-creme-de-parmesan\/#breadcrumb","itemListElement":[{"@type":"ListItem","position":1,"name":"Accueil","item":"https:\/\/www.potagez.be\/nl\/"},{"@type":"ListItem","position":2,"name":"Onze producten","item":"https:\/\/www.potagez.be\/nl\/onze-producten\/"},{"@type":"ListItem","position":3,"name":"Quiche met broccoli en parmezaanse room 500 Gr"}]},{"@type":"WebSite","@id":"https:\/\/www.potagez.be\/nl\/#website","url":"https:\/\/www.potagez.be\/nl\/","name":"Potagez!","description":"Soupes BIO extra-fra\u00eeches, sans lactose et sans gluten","publisher":{"@id":"https:\/\/www.potagez.be\/nl\/#organization"},"potentialAction":[{"@type":"SearchAction","target":{"@type":"EntryPoint","urlTemplate":"https:\/\/www.potagez.be\/nl\/?s={search_term_string}"},"query-input":{"@type":"PropertyValueSpecification","valueRequired":true,"valueName":"search_term_string"}}],"inLanguage":"nl-NL"},{"@type":"Organization","@id":"https:\/\/www.potagez.be\/nl\/#organization","name":"Potagez!","url":"https:\/\/www.potagez.be\/nl\/","logo":{"@type":"ImageObject","inLanguage":"nl-NL","@id":"https:\/\/www.potagez.be\/nl\/#\/schema\/logo\/image\/","url":"https:\/\/www.potagez.be\/wp-content\/uploads\/2016\/06\/logo_LNDMJ.png","contentUrl":"https:\/\/www.potagez.be\/wp-content\/uploads\/2016\/06\/logo_LNDMJ.png","width":275,"height":243,"caption":"Potagez!"},"image":{"@id":"https:\/\/www.potagez.be\/nl\/#\/schema\/logo\/image\/"},"sameAs":["https:\/\/www.facebook.com\/potagez\/","https:\/\/www.instagram.com\/potagez.legumes.bio"]}]}},"_links":{"self":[{"href":"https:\/\/www.potagez.be\/nl\/wp-json\/wp\/v2\/product\/4085","targetHints":{"allow":["GET"]}}],"collection":[{"href":"https:\/\/www.potagez.be\/nl\/wp-json\/wp\/v2\/product"}],"about":[{"href":"https:\/\/www.potagez.be\/nl\/wp-json\/wp\/v2\/types\/product"}],"version-history":[{"count":1,"href":"https:\/\/www.potagez.be\/nl\/wp-json\/wp\/v2\/product\/4085\/revisions"}],"predecessor-version":[{"id":7936,"href":"https:\/\/www.potagez.be\/nl\/wp-json\/wp\/v2\/product\/4085\/revisions\/7936"}],"wp:featuredmedia":[{"embeddable":true,"href":"https:\/\/www.potagez.be\/nl\/wp-json\/wp\/v2\/media\/6725"}],"wp:attachment":[{"href":"https:\/\/www.potagez.be\/nl\/wp-json\/wp\/v2\/media?parent=4085"}],"wp:term":[{"taxonomy":"product_brand","embeddable":true,"href":"https:\/\/www.potagez.be\/nl\/wp-json\/wp\/v2\/product_brand?post=4085"},{"taxonomy":"product_cat","embeddable":true,"href":"https:\/\/www.potagez.be\/nl\/wp-json\/wp\/v2\/product_cat?post=4085"},{"taxonomy":"product_tag","embeddable":true,"href":"https:\/\/www.potagez.be\/nl\/wp-json\/wp\/v2\/product_tag?post=4085"}],"curies":[{"name":"wp","href":"https:\/\/api.w.org\/{rel}","templated":true}]}}